{"id":1382,"date":"2024-11-05T14:02:42","date_gmt":"2024-11-05T13:02:42","guid":{"rendered":"http:\/\/urasenke-austria.at\/?page_id=1382"},"modified":"2025-03-25T10:56:13","modified_gmt":"2025-03-25T09:56:13","slug":"2024-2","status":"publish","type":"page","link":"http:\/\/urasenke-austria.at\/?page_id=1382","title":{"rendered":"2024"},"content":{"rendered":"<ul>\n<li><strong>M\u00e4rz<\/strong> (3.-5.): <strong>XIV. <\/strong>Int. Chanoyu-<strong>Seminar<\/strong> in Wien mit\u00a0<strong>NOJIRI<\/strong>(S\u014dmei)<strong> Michiko<\/strong> Sensei (rom\/Italien)<\/li>\n<\/ul>\n<p><strong><img fetchpriority=\"high\" decoding=\"async\" class=\"aligncenter\" src=\"http:\/\/urasenke-austria.at\/wp-content\/uploads\/2024\/11\/Michiko-2024.jpg\" width=\"438\" height=\"263\" \/><\/strong><\/p>\n<ul>\n<li><strong>April<\/strong> (24.): <strong>KIRSCHENHAIN-Fest<\/strong> Wien\/Dounauinsel =&gt; <span style=\"color: #ff0000;\">wegen Schlechtwetter abgesagt!<\/span><\/li>\n<li><strong>Mai <\/strong>(26.): <strong>Chado &amp; Budovorf\u00fchrung<\/strong> im <strong>Setagaya Park<\/strong>, Hohewarte 8, 1190 Wien<\/li>\n<li><strong>Juli<\/strong> (9.): <strong><strong>Ordensverleihungsfeier:<\/strong><\/strong>\n<div dir=\"auto\">Am 9. Juli veranstaltete die Botschaft von Japan die Zeremonie der Ordensverleihung f\u00fcr Herrn Dipl. P\u00e4d. Ing. Mag. Norbert Breitenauer, ehemaliger Pr\u00e4sident der Chado Urasenke Tankokai Austria Association. Der Orden der Aufgehenden Sonne, goldene und silberne Strahlen wurde ihm f\u00fcr seine Verdienste verliehen und zusammen mit einer Urkunde von Herrn Botschafter Mizuuchi \u00fcbergeben.<\/div>\n<div dir=\"auto\">Herr Breitenauer sprach in seinen Dankesworten von seiner Verbindung mit Chado und brachte seinen Entschluss zum Ausdruck, sich, motiviert durch die Ordensverleihung auch weiterhin mit unver\u00e4ndertem Elan f\u00fcr den Kultur-Austausch zwischen Japan und \u00d6sterreich einzusetzen.<\/div>\n<\/li>\n<li><strong>Sept<\/strong> (22.): <strong>Chado &amp; Budovorf\u00fchrung<\/strong> im <strong>Setagaya Park<\/strong>, Hohewarte 8, 1190 Wien<\/li>\n<li><strong>Oktober<\/strong> (5.): <strong>Aki-Matsuri<\/strong> an der Japanologie, Wien<\/li>\n<li><strong>September<\/strong> (26): <strong>JAPAN-BALL\u00a0<\/strong>im Kursalon, Wien<\/li>\n<li><strong>November<\/strong> (28:) <strong>Chanoyu-Vorf\u00fchrung<\/strong> im Japanischen Kultur &amp; Informations Zentrum, Wien<\/li>\n<\/ul>\n","protected":false},"excerpt":{"rendered":"<p>M\u00e4rz (3.-5.): XIV. Int. Chanoyu-Seminar in Wien mit\u00a0NOJIRI(S\u014dmei) Michiko Sensei (rom\/Italien) April (24.): KIRSCHENHAIN-Fest Wien\/Dounauinsel =&gt; wegen Schlechtwetter abgesagt! Mai (26.): Chado &amp; Budovorf\u00fchrung im Setagaya Park, Hohewarte 8, 1190 Wien Juli (9.): Ordensverleihungsfeier: Am 9. Juli veranstaltete die Botschaft von Japan die Zeremonie der Ordensverleihung f\u00fcr Herrn Dipl. P\u00e4d. Ing. Mag. Norbert Breitenauer, ehemaliger &hellip; <\/p>\n<p class=\"link-more\"><a href=\"http:\/\/urasenke-austria.at\/?page_id=1382\" class=\"more-link\"><span class=\"screen-reader-text\">\u201e2024\u201c <\/span>weiterlesen<\/a><\/p>\n","protected":false},"author":1,"featured_media":0,"parent":0,"menu_order":0,"comment_status":"closed","ping_status":"closed","template":"","meta":{"footnotes":""},"class_list":["post-1382","page","type-page","status-publish","hentry"],"_links":{"self":[{"href":"http:\/\/urasenke-austria.at\/index.php?rest_route=\/wp\/v2\/pages\/1382","targetHints":{"allow":["GET"]}}],"collection":[{"href":"http:\/\/urasenke-austria.at\/index.php?rest_route=\/wp\/v2\/pages"}],"about":[{"href":"http:\/\/urasenke-austria.at\/index.php?rest_route=\/wp\/v2\/types\/page"}],"author":[{"embeddable":true,"href":"http:\/\/urasenke-austria.at\/index.php?rest_route=\/wp\/v2\/users\/1"}],"replies":[{"embeddable":true,"href":"http:\/\/urasenke-austria.at\/index.php?rest_route=%2Fwp%2Fv2%2Fcomments&post=1382"}],"version-history":[{"count":9,"href":"http:\/\/urasenke-austria.at\/index.php?rest_route=\/wp\/v2\/pages\/1382\/revisions"}],"predecessor-version":[{"id":1419,"href":"http:\/\/urasenke-austria.at\/index.php?rest_route=\/wp\/v2\/pages\/1382\/revisions\/1419"}],"wp:attachment":[{"href":"http:\/\/urasenke-austria.at\/index.php?rest_route=%2Fwp%2Fv2%2Fmedia&parent=1382"}],"curies":[{"name":"wp","href":"https:\/\/api.w.org\/{rel}","templated":true}]}}