{"id":1462,"date":"2025-06-09T17:56:45","date_gmt":"2025-06-09T15:56:45","guid":{"rendered":"http:\/\/urasenke-austria.at\/?page_id=1462"},"modified":"2025-06-09T17:57:53","modified_gmt":"2025-06-09T15:57:53","slug":"2011-3","status":"publish","type":"page","link":"http:\/\/urasenke-austria.at\/?page_id=1462","title":{"rendered":"2011"},"content":{"rendered":"\t\t<div data-elementor-type=\"wp-page\" data-elementor-id=\"1462\" class=\"elementor elementor-1462\">\n\t\t\t\t\t\t<section class=\"elementor-section elementor-top-section elementor-element elementor-element-7f537be elementor-section-boxed elementor-section-height-default elementor-section-height-default\" data-id=\"7f537be\" data-element_type=\"section\" data-e-type=\"section\">\n\t\t\t\t\t\t<div class=\"elementor-container elementor-column-gap-default\">\n\t\t\t\t\t<div class=\"elementor-column elementor-col-100 elementor-top-column elementor-element elementor-element-4d02a074\" data-id=\"4d02a074\" data-element_type=\"column\" data-e-type=\"column\">\n\t\t\t<div class=\"elementor-widget-wrap elementor-element-populated\">\n\t\t\t\t\t\t<div class=\"elementor-element elementor-element-57c8bcde elementor-widget elementor-widget-text-editor\" data-id=\"57c8bcde\" data-element_type=\"widget\" data-e-type=\"widget\" data-widget_type=\"text-editor.default\">\n\t\t\t\t<div class=\"elementor-widget-container\">\n\t\t\t\t\t\t\t\t\t<p><strong>Oktober <\/strong>(23.-24.) Chanoyu-Seminar in Wien mit<strong> NOJIRI<\/strong> (S\u014dmei) <strong>Michiko<\/strong> Sensei (Rom, Italien)<\/p><p><strong>Oktober<\/strong> (25.) Chanoyu-Vorf\u00fchrung durch <strong>NOJIRI<\/strong> (S\u014dmei) <strong>Michiko <\/strong>Sensei in der <strong>Residenz des jap. Botschafters<\/strong> in Wien<\/p>\t\t\t\t\t\t\t\t<\/div>\n\t\t\t\t<\/div>\n\t\t\t\t\t<\/div>\n\t\t<\/div>\n\t\t\t\t\t<\/div>\n\t\t<\/section>\n\t\t\t\t<\/div>\n\t\t","protected":false},"excerpt":{"rendered":"<p>Oktober (23.-24.) Chanoyu-Seminar in Wien mit NOJIRI (S\u014dmei) Michiko Sensei (Rom, Italien) Oktober (25.) Chanoyu-Vorf\u00fchrung durch NOJIRI (S\u014dmei) Michiko Sensei in der Residenz des jap. Botschafters in Wien<\/p>\n","protected":false},"author":6,"featured_media":0,"parent":0,"menu_order":0,"comment_status":"closed","ping_status":"closed","template":"","meta":{"footnotes":""},"class_list":["post-1462","page","type-page","status-publish","hentry"],"_links":{"self":[{"href":"http:\/\/urasenke-austria.at\/index.php?rest_route=\/wp\/v2\/pages\/1462","targetHints":{"allow":["GET"]}}],"collection":[{"href":"http:\/\/urasenke-austria.at\/index.php?rest_route=\/wp\/v2\/pages"}],"about":[{"href":"http:\/\/urasenke-austria.at\/index.php?rest_route=\/wp\/v2\/types\/page"}],"author":[{"embeddable":true,"href":"http:\/\/urasenke-austria.at\/index.php?rest_route=\/wp\/v2\/users\/6"}],"replies":[{"embeddable":true,"href":"http:\/\/urasenke-austria.at\/index.php?rest_route=%2Fwp%2Fv2%2Fcomments&post=1462"}],"version-history":[{"count":4,"href":"http:\/\/urasenke-austria.at\/index.php?rest_route=\/wp\/v2\/pages\/1462\/revisions"}],"predecessor-version":[{"id":1560,"href":"http:\/\/urasenke-austria.at\/index.php?rest_route=\/wp\/v2\/pages\/1462\/revisions\/1560"}],"wp:attachment":[{"href":"http:\/\/urasenke-austria.at\/index.php?rest_route=%2Fwp%2Fv2%2Fmedia&parent=1462"}],"curies":[{"name":"wp","href":"https:\/\/api.w.org\/{rel}","templated":true}]}}