{"id":1468,"date":"2025-06-09T17:56:46","date_gmt":"2025-06-09T15:56:46","guid":{"rendered":"http:\/\/urasenke-austria.at\/?page_id=1468"},"modified":"2025-06-09T17:57:55","modified_gmt":"2025-06-09T15:57:55","slug":"2009-3","status":"publish","type":"page","link":"http:\/\/urasenke-austria.at\/?page_id=1468","title":{"rendered":"2009"},"content":{"rendered":"\t\t<div data-elementor-type=\"wp-page\" data-elementor-id=\"1468\" class=\"elementor elementor-1468\">\n\t\t\t\t\t\t<section class=\"elementor-section elementor-top-section elementor-element elementor-element-41711e00 elementor-section-boxed elementor-section-height-default elementor-section-height-default\" data-id=\"41711e00\" data-element_type=\"section\" data-e-type=\"section\">\n\t\t\t\t\t\t<div class=\"elementor-container elementor-column-gap-default\">\n\t\t\t\t\t<div class=\"elementor-column elementor-col-100 elementor-top-column elementor-element elementor-element-b9d76a3\" data-id=\"b9d76a3\" data-element_type=\"column\" data-e-type=\"column\">\n\t\t\t<div class=\"elementor-widget-wrap elementor-element-populated\">\n\t\t\t\t\t\t<div class=\"elementor-element elementor-element-452d0f29 elementor-widget elementor-widget-text-editor\" data-id=\"452d0f29\" data-element_type=\"widget\" data-e-type=\"widget\" data-widget_type=\"text-editor.default\">\n\t\t\t\t<div class=\"elementor-widget-container\">\n\t\t\t\t\t\t\t\t\t<div class=\"entry-content wp-block-post-content has-global-padding is-layout-constrained wp-block-post-content-is-layout-constrained\"><p><strong>Mai<\/strong> (5.) Chanoyu-Vorf\u00fchrung durch\u00a0<strong>NOJIRI<\/strong> (S\u014dmei)<strong> Michiko <\/strong>Sensei anl\u00e4sslich der St\u00e4dtepartnerschaft zwischen dem <strong>12. Wiener Bezirk Meidling und der Stadt Gifu<\/strong> auf Honshu<\/p><p><strong>Oktober<\/strong> (11.-12.) Chanoyu-Seminar in Wien mit <strong>NOJIRI<\/strong> (S\u014dmei)<strong> Michiko <\/strong>Sensei (Rom, Italien)<\/p><\/div>\t\t\t\t\t\t\t\t<\/div>\n\t\t\t\t<\/div>\n\t\t\t\t\t<\/div>\n\t\t<\/div>\n\t\t\t\t\t<\/div>\n\t\t<\/section>\n\t\t\t\t<\/div>\n\t\t","protected":false},"excerpt":{"rendered":"<p>Mai (5.) Chanoyu-Vorf\u00fchrung durch\u00a0NOJIRI (S\u014dmei) Michiko Sensei anl\u00e4sslich der St\u00e4dtepartnerschaft zwischen dem 12. Wiener Bezirk Meidling und der Stadt Gifu auf Honshu Oktober (11.-12.) Chanoyu-Seminar in Wien mit NOJIRI (S\u014dmei) Michiko Sensei (Rom, Italien)<\/p>\n","protected":false},"author":6,"featured_media":0,"parent":0,"menu_order":0,"comment_status":"closed","ping_status":"closed","template":"","meta":{"footnotes":""},"class_list":["post-1468","page","type-page","status-publish","hentry"],"_links":{"self":[{"href":"http:\/\/urasenke-austria.at\/index.php?rest_route=\/wp\/v2\/pages\/1468","targetHints":{"allow":["GET"]}}],"collection":[{"href":"http:\/\/urasenke-austria.at\/index.php?rest_route=\/wp\/v2\/pages"}],"about":[{"href":"http:\/\/urasenke-austria.at\/index.php?rest_route=\/wp\/v2\/types\/page"}],"author":[{"embeddable":true,"href":"http:\/\/urasenke-austria.at\/index.php?rest_route=\/wp\/v2\/users\/6"}],"replies":[{"embeddable":true,"href":"http:\/\/urasenke-austria.at\/index.php?rest_route=%2Fwp%2Fv2%2Fcomments&post=1468"}],"version-history":[{"count":4,"href":"http:\/\/urasenke-austria.at\/index.php?rest_route=\/wp\/v2\/pages\/1468\/revisions"}],"predecessor-version":[{"id":1564,"href":"http:\/\/urasenke-austria.at\/index.php?rest_route=\/wp\/v2\/pages\/1468\/revisions\/1564"}],"wp:attachment":[{"href":"http:\/\/urasenke-austria.at\/index.php?rest_route=%2Fwp%2Fv2%2Fmedia&parent=1468"}],"curies":[{"name":"wp","href":"https:\/\/api.w.org\/{rel}","templated":true}]}}