{"id":1478,"date":"2025-06-09T17:56:52","date_gmt":"2025-06-09T15:56:52","guid":{"rendered":"http:\/\/urasenke-austria.at\/?page_id=1478"},"modified":"2025-06-09T17:57:57","modified_gmt":"2025-06-09T15:57:57","slug":"2015-3","status":"publish","type":"page","link":"http:\/\/urasenke-austria.at\/?page_id=1478","title":{"rendered":"2015"},"content":{"rendered":"\t\t<div data-elementor-type=\"wp-page\" data-elementor-id=\"1478\" class=\"elementor elementor-1478\">\n\t\t\t\t\t\t<section class=\"elementor-section elementor-top-section elementor-element elementor-element-641b185c elementor-section-boxed elementor-section-height-default elementor-section-height-default\" data-id=\"641b185c\" data-element_type=\"section\" data-e-type=\"section\">\n\t\t\t\t\t\t<div class=\"elementor-container elementor-column-gap-default\">\n\t\t\t\t\t<div class=\"elementor-column elementor-col-100 elementor-top-column elementor-element elementor-element-548f46f\" data-id=\"548f46f\" data-element_type=\"column\" data-e-type=\"column\">\n\t\t\t<div class=\"elementor-widget-wrap elementor-element-populated\">\n\t\t\t\t\t\t<div class=\"elementor-element elementor-element-72622ae5 elementor-widget elementor-widget-text-editor\" data-id=\"72622ae5\" data-element_type=\"widget\" data-e-type=\"widget\" data-widget_type=\"text-editor.default\">\n\t\t\t\t<div class=\"elementor-widget-container\">\n\t\t\t\t\t\t\t\t\t<div class=\"entry-content wp-block-post-content has-global-padding is-layout-constrained wp-block-post-content-is-layout-constrained\"><p><strong>April<\/strong> (6.) Chanoyu-Vorf\u00fchrung im <strong>Schlo\u00df Kremsegg<\/strong> (O\u00d6)<\/p><p><strong>Juni<\/strong> (12.) Chanoyu-Vorf\u00fchrung im Jap. Inform. u. Kulturzentrum: \u201c<strong>Ichigo-Ichie<\/strong>\u201d<\/p><p><strong>Juni<\/strong> (18.) Chanoyu-Vorf\u00fchrung im <strong>Japanischen Teegarten in Sch\u00f6nbrunn<\/strong><\/p><p><strong>Oktober<\/strong> (31.-2. Nov.)<strong> VIII.<\/strong> Chanoyu-Seminar in Wien mit <strong>NOJIRI <\/strong>(S\u014dmei)<strong> Michiko <\/strong>Sensei (Rom, Italien)<\/p><\/div>\t\t\t\t\t\t\t\t<\/div>\n\t\t\t\t<\/div>\n\t\t\t\t\t<\/div>\n\t\t<\/div>\n\t\t\t\t\t<\/div>\n\t\t<\/section>\n\t\t\t\t<\/div>\n\t\t","protected":false},"excerpt":{"rendered":"<p>April (6.) Chanoyu-Vorf\u00fchrung im Schlo\u00df Kremsegg (O\u00d6) Juni (12.) Chanoyu-Vorf\u00fchrung im Jap. Inform. u. Kulturzentrum: \u201cIchigo-Ichie\u201d Juni (18.) Chanoyu-Vorf\u00fchrung im Japanischen Teegarten in Sch\u00f6nbrunn Oktober (31.-2. Nov.) VIII. Chanoyu-Seminar in Wien mit NOJIRI (S\u014dmei) Michiko Sensei (Rom, Italien)<\/p>\n","protected":false},"author":6,"featured_media":0,"parent":0,"menu_order":0,"comment_status":"closed","ping_status":"closed","template":"","meta":{"footnotes":""},"class_list":["post-1478","page","type-page","status-publish","hentry"],"_links":{"self":[{"href":"http:\/\/urasenke-austria.at\/index.php?rest_route=\/wp\/v2\/pages\/1478","targetHints":{"allow":["GET"]}}],"collection":[{"href":"http:\/\/urasenke-austria.at\/index.php?rest_route=\/wp\/v2\/pages"}],"about":[{"href":"http:\/\/urasenke-austria.at\/index.php?rest_route=\/wp\/v2\/types\/page"}],"author":[{"embeddable":true,"href":"http:\/\/urasenke-austria.at\/index.php?rest_route=\/wp\/v2\/users\/6"}],"replies":[{"embeddable":true,"href":"http:\/\/urasenke-austria.at\/index.php?rest_route=%2Fwp%2Fv2%2Fcomments&post=1478"}],"version-history":[{"count":4,"href":"http:\/\/urasenke-austria.at\/index.php?rest_route=\/wp\/v2\/pages\/1478\/revisions"}],"predecessor-version":[{"id":1570,"href":"http:\/\/urasenke-austria.at\/index.php?rest_route=\/wp\/v2\/pages\/1478\/revisions\/1570"}],"wp:attachment":[{"href":"http:\/\/urasenke-austria.at\/index.php?rest_route=%2Fwp%2Fv2%2Fmedia&parent=1478"}],"curies":[{"name":"wp","href":"https:\/\/api.w.org\/{rel}","templated":true}]}}