{"id":1497,"date":"2025-06-09T17:57:05","date_gmt":"2025-06-09T15:57:05","guid":{"rendered":"http:\/\/urasenke-austria.at\/?page_id=1497"},"modified":"2025-06-09T17:58:03","modified_gmt":"2025-06-09T15:58:03","slug":"2021-3","status":"publish","type":"page","link":"http:\/\/urasenke-austria.at\/?page_id=1497","title":{"rendered":"2021"},"content":{"rendered":"\t\t<div data-elementor-type=\"wp-page\" data-elementor-id=\"1497\" class=\"elementor elementor-1497\">\n\t\t\t\t\t\t<section class=\"elementor-section elementor-top-section elementor-element elementor-element-2bed7b19 elementor-section-boxed elementor-section-height-default elementor-section-height-default\" data-id=\"2bed7b19\" data-element_type=\"section\" data-e-type=\"section\">\n\t\t\t\t\t\t<div class=\"elementor-container elementor-column-gap-default\">\n\t\t\t\t\t<div class=\"elementor-column elementor-col-100 elementor-top-column elementor-element elementor-element-753740a3\" data-id=\"753740a3\" data-element_type=\"column\" data-e-type=\"column\">\n\t\t\t<div class=\"elementor-widget-wrap elementor-element-populated\">\n\t\t\t\t\t\t<div class=\"elementor-element elementor-element-6a8f1278 elementor-widget elementor-widget-text-editor\" data-id=\"6a8f1278\" data-element_type=\"widget\" data-e-type=\"widget\" data-widget_type=\"text-editor.default\">\n\t\t\t\t<div class=\"elementor-widget-container\">\n\t\t\t\t\t\t\t\t\t<div><p><strong>April <\/strong>(15. \u2013 18. ):\u00a0 <strong>URASENKE TANKOKAI WORLD CHAD\u014c RELAY 2021<\/strong><\/p><p><strong>Februar<\/strong> (20. \u2013 21.)<strong>:<\/strong>\u00a0 Vorf\u00fchrung von Teemeister Takamatsu <em>Souriki <\/em>(Urasenke Tank\u014dkai Austria)<\/p><p><strong>Juni<\/strong> (26.): Chanoyu-Vorf\u00fchrung bei <strong>\u201eOuter Purity &amp; Inner Purity\u201c<\/strong> Aktionswoche der\u00a0 \u00d6sterreichische Buddhistischen Religionsgesellschaft<\/p><p><strong>August<\/strong> (28.): Chanoyu-Vorf\u00fchrung beim <strong>\u201eNatsumatsuri\u201c <\/strong>(=Sommerfest) der Japanischen Schule Wien<\/p><p><strong>Okt.<\/strong> (3.): <strong>Chad\u014d &amp; Bud\u014d-Vorf\u00fchrung<\/strong> im <strong>Setagaya Park<\/strong>, Hohe Warte 8, 1190 Wien<\/p><\/div>\t\t\t\t\t\t\t\t<\/div>\n\t\t\t\t<\/div>\n\t\t\t\t\t<\/div>\n\t\t<\/div>\n\t\t\t\t\t<\/div>\n\t\t<\/section>\n\t\t\t\t<\/div>\n\t\t","protected":false},"excerpt":{"rendered":"<p>April (15. \u2013 18. ):\u00a0 URASENKE TANKOKAI WORLD CHAD\u014c RELAY 2021 Februar (20. \u2013 21.):\u00a0 Vorf\u00fchrung von Teemeister Takamatsu Souriki (Urasenke Tank\u014dkai Austria) Juni (26.): Chanoyu-Vorf\u00fchrung bei \u201eOuter Purity &amp; Inner Purity\u201c Aktionswoche der\u00a0 \u00d6sterreichische Buddhistischen Religionsgesellschaft August (28.): Chanoyu-Vorf\u00fchrung beim \u201eNatsumatsuri\u201c (=Sommerfest) der Japanischen Schule Wien Okt. (3.): Chad\u014d &amp; Bud\u014d-Vorf\u00fchrung im Setagaya Park, &hellip; <\/p>\n<p class=\"link-more\"><a href=\"http:\/\/urasenke-austria.at\/?page_id=1497\" class=\"more-link\"><span class=\"screen-reader-text\">\u201e2021\u201c <\/span>weiterlesen<\/a><\/p>\n","protected":false},"author":6,"featured_media":0,"parent":0,"menu_order":0,"comment_status":"closed","ping_status":"closed","template":"","meta":{"footnotes":""},"class_list":["post-1497","page","type-page","status-publish","hentry"],"_links":{"self":[{"href":"http:\/\/urasenke-austria.at\/index.php?rest_route=\/wp\/v2\/pages\/1497","targetHints":{"allow":["GET"]}}],"collection":[{"href":"http:\/\/urasenke-austria.at\/index.php?rest_route=\/wp\/v2\/pages"}],"about":[{"href":"http:\/\/urasenke-austria.at\/index.php?rest_route=\/wp\/v2\/types\/page"}],"author":[{"embeddable":true,"href":"http:\/\/urasenke-austria.at\/index.php?rest_route=\/wp\/v2\/users\/6"}],"replies":[{"embeddable":true,"href":"http:\/\/urasenke-austria.at\/index.php?rest_route=%2Fwp%2Fv2%2Fcomments&post=1497"}],"version-history":[{"count":4,"href":"http:\/\/urasenke-austria.at\/index.php?rest_route=\/wp\/v2\/pages\/1497\/revisions"}],"predecessor-version":[{"id":1582,"href":"http:\/\/urasenke-austria.at\/index.php?rest_route=\/wp\/v2\/pages\/1497\/revisions\/1582"}],"wp:attachment":[{"href":"http:\/\/urasenke-austria.at\/index.php?rest_route=%2Fwp%2Fv2%2Fmedia&parent=1497"}],"curies":[{"name":"wp","href":"https:\/\/api.w.org\/{rel}","templated":true}]}}