{"id":1500,"date":"2025-06-09T17:57:06","date_gmt":"2025-06-09T15:57:06","guid":{"rendered":"http:\/\/urasenke-austria.at\/?page_id=1500"},"modified":"2025-06-09T17:58:04","modified_gmt":"2025-06-09T15:58:04","slug":"2008-3","status":"publish","type":"page","link":"http:\/\/urasenke-austria.at\/?page_id=1500","title":{"rendered":"2008"},"content":{"rendered":"\t\t<div data-elementor-type=\"wp-page\" data-elementor-id=\"1500\" class=\"elementor elementor-1500\">\n\t\t\t\t\t\t<section class=\"elementor-section elementor-top-section elementor-element elementor-element-b4454b6 elementor-section-boxed elementor-section-height-default elementor-section-height-default\" data-id=\"b4454b6\" data-element_type=\"section\" data-e-type=\"section\">\n\t\t\t\t\t\t<div class=\"elementor-container elementor-column-gap-default\">\n\t\t\t\t\t<div class=\"elementor-column elementor-col-100 elementor-top-column elementor-element elementor-element-6f65df77\" data-id=\"6f65df77\" data-element_type=\"column\" data-e-type=\"column\">\n\t\t\t<div class=\"elementor-widget-wrap elementor-element-populated\">\n\t\t\t\t\t\t<div class=\"elementor-element elementor-element-774be918 elementor-widget elementor-widget-text-editor\" data-id=\"774be918\" data-element_type=\"widget\" data-e-type=\"widget\" data-widget_type=\"text-editor.default\">\n\t\t\t\t<div class=\"elementor-widget-container\">\n\t\t\t\t\t\t\t\t\t<div class=\"entry-content wp-block-post-content has-global-padding is-layout-constrained wp-block-post-content-is-layout-constrained\"><p><strong><a href=\"http:\/\/urasenke-austria.at\/?page_id=312\" target=\"_blank\" rel=\"noopener noreferrer\">Die Gr\u00fcndungszeremonie<\/a>:<\/strong><\/p><p>Der Verein\u00a0 <strong>Chad\u014d Urasenke Tank\u014dkai Austria Association <\/strong>wurde am<strong> 19. Oktober 2008 <\/strong>mit Unterst\u00fctzung von<strong> NOJIRI<\/strong> (S\u014dmei) <strong>Michiko <\/strong>Sensei (Rom, Italien) gegr\u00fcndet. Michiko Sensei ist die Hauptlehrerin von Tank\u014dkai Austria.<\/p><p>\u00a0\u00a0\u00a0\u00a0\u00a0\u00a0\u00a0\u00a0 Gr\u00fcndungs- und Ehrenpr\u00e4sident <strong>Prof. DDr. Peter <\/strong>(S\u014do)<strong> SCHENDL<\/strong><\/p><p>\u00a0\u00a0\u00a0\u00a0\u00a0\u00a0\u00a0\u00a0 Ehrengast S.E. Botschafter <strong>TANAKA Utsuotoko<\/strong><\/p><p><strong>Februar<\/strong> (2.-3.) Chanoyu-Seminare in Wien mit <strong>Hiromi<\/strong> (S\u014dhaku)<strong> Straub-Yamada <\/strong>Sensei (Genf, Schweiz)<\/p><p><strong>Oktober<\/strong> (18.-20.): <strong>Chanoyu-Seminar<\/strong> in Wien mit <strong>NOJIRI <\/strong>S\u014dmei<strong> Michiko<\/strong> Sensei und <strong>SCHENDL<\/strong> S\u014do <strong>Peter<\/strong> Sensei<\/p><p><strong>Oktober<\/strong>(20.): <strong>Ehrengast<\/strong> S.E. Botschafter <strong>TANAKA Utsuotoko<\/strong><\/p><p><strong>Dezember<\/strong> (12.-13.): Chanoyu-Seminare in Wien mit <strong>Hiromi<\/strong> (S\u014dhaku)<strong> Straub-Yamada <\/strong>Sensei (Genf, Schweiz)<\/p><\/div>\t\t\t\t\t\t\t\t<\/div>\n\t\t\t\t<\/div>\n\t\t\t\t\t<\/div>\n\t\t<\/div>\n\t\t\t\t\t<\/div>\n\t\t<\/section>\n\t\t\t\t<\/div>\n\t\t","protected":false},"excerpt":{"rendered":"<p>Die Gr\u00fcndungszeremonie: Der Verein\u00a0 Chad\u014d Urasenke Tank\u014dkai Austria Association wurde am 19. Oktober 2008 mit Unterst\u00fctzung von NOJIRI (S\u014dmei) Michiko Sensei (Rom, Italien) gegr\u00fcndet. Michiko Sensei ist die Hauptlehrerin von Tank\u014dkai Austria. \u00a0\u00a0\u00a0\u00a0\u00a0\u00a0\u00a0\u00a0 Gr\u00fcndungs- und Ehrenpr\u00e4sident Prof. DDr. Peter (S\u014do) SCHENDL \u00a0\u00a0\u00a0\u00a0\u00a0\u00a0\u00a0\u00a0 Ehrengast S.E. Botschafter TANAKA Utsuotoko Februar (2.-3.) Chanoyu-Seminare in Wien mit Hiromi (S\u014dhaku) &hellip; <\/p>\n<p class=\"link-more\"><a href=\"http:\/\/urasenke-austria.at\/?page_id=1500\" class=\"more-link\"><span class=\"screen-reader-text\">\u201e2008\u201c <\/span>weiterlesen<\/a><\/p>\n","protected":false},"author":6,"featured_media":0,"parent":0,"menu_order":0,"comment_status":"closed","ping_status":"closed","template":"","meta":{"footnotes":""},"class_list":["post-1500","page","type-page","status-publish","hentry"],"_links":{"self":[{"href":"http:\/\/urasenke-austria.at\/index.php?rest_route=\/wp\/v2\/pages\/1500","targetHints":{"allow":["GET"]}}],"collection":[{"href":"http:\/\/urasenke-austria.at\/index.php?rest_route=\/wp\/v2\/pages"}],"about":[{"href":"http:\/\/urasenke-austria.at\/index.php?rest_route=\/wp\/v2\/types\/page"}],"author":[{"embeddable":true,"href":"http:\/\/urasenke-austria.at\/index.php?rest_route=\/wp\/v2\/users\/6"}],"replies":[{"embeddable":true,"href":"http:\/\/urasenke-austria.at\/index.php?rest_route=%2Fwp%2Fv2%2Fcomments&post=1500"}],"version-history":[{"count":4,"href":"http:\/\/urasenke-austria.at\/index.php?rest_route=\/wp\/v2\/pages\/1500\/revisions"}],"predecessor-version":[{"id":1584,"href":"http:\/\/urasenke-austria.at\/index.php?rest_route=\/wp\/v2\/pages\/1500\/revisions\/1584"}],"wp:attachment":[{"href":"http:\/\/urasenke-austria.at\/index.php?rest_route=%2Fwp%2Fv2%2Fmedia&parent=1500"}],"curies":[{"name":"wp","href":"https:\/\/api.w.org\/{rel}","templated":true}]}}