{"id":1512,"date":"2025-06-09T17:57:10","date_gmt":"2025-06-09T15:57:10","guid":{"rendered":"http:\/\/urasenke-austria.at\/?page_id=1512"},"modified":"2025-09-29T12:34:26","modified_gmt":"2025-09-29T10:34:26","slug":"ueber-uns-2","status":"publish","type":"page","link":"http:\/\/urasenke-austria.at\/?page_id=1512","title":{"rendered":"\u00dcber uns"},"content":{"rendered":"\t\t<div data-elementor-type=\"wp-page\" data-elementor-id=\"1512\" class=\"elementor elementor-1512\">\n\t\t\t\t\t\t<section class=\"elementor-section elementor-top-section elementor-element elementor-element-65b3c72 elementor-section-boxed elementor-section-height-default elementor-section-height-default\" data-id=\"65b3c72\" data-element_type=\"section\" data-e-type=\"section\">\n\t\t\t\t\t\t<div class=\"elementor-container elementor-column-gap-default\">\n\t\t\t\t\t<div class=\"elementor-column elementor-col-100 elementor-top-column elementor-element elementor-element-18d245b5\" data-id=\"18d245b5\" data-element_type=\"column\" data-e-type=\"column\">\n\t\t\t<div class=\"elementor-widget-wrap elementor-element-populated\">\n\t\t\t\t\t\t<div class=\"elementor-element elementor-element-486073f7 elementor-widget elementor-widget-text-editor\" data-id=\"486073f7\" data-element_type=\"widget\" data-e-type=\"widget\" data-widget_type=\"text-editor.default\">\n\t\t\t\t<div class=\"elementor-widget-container\">\n\t\t\t\t\t\t\t\t\t<p>Der Verein<strong> Chad\u014d Urasenke Tankokai Austria Association (UTA)<\/strong> wurde im Jahr 2008 von Michiko Nojiri S\u014dmei Sensei und MR. Prof. DDr. Peter Schendl S\u014do (Gr\u00fcndungspr\u00e4sident) gegr\u00fcndet.<\/p>\n<p><!-- \/wp:paragraph --><\/p>\n<p><!-- wp:paragraph --><\/p>\n<p>Wir sind die offiziell anerkannte \u00f6sterreichische Vertretung der Urasenke Teeschule und \u00fcben den Teeweg unter Anleitung von Tsutomu Takamatsu S\u014driki Sensei in Wien sowie im Rahmen unserer \u00dcbungsgruppe in Linz.<\/p>\n<p><!-- \/wp:paragraph --><\/p>\n<p><!-- wp:paragraph --><\/p>\n<p><!-- \/wp:paragraph --><\/p>\n<p><!-- wp:paragraph --><\/p>\n<p>Als Verein haben wir es uns zur Aufgabe gemacht, den japanischen Teeweg, auch chad\u014d genannt, im Stil der Urasenke Teeschule in \u00d6sterreich zu verbreiten und den kulturellen Austausch zwischen \u00d6sterreich und Japan zu vertiefen.<\/p>\n<p><!-- \/wp:paragraph --><\/p>\t\t\t\t\t\t\t\t<\/div>\n\t\t\t\t<\/div>\n\t\t\t\t\t<\/div>\n\t\t<\/div>\n\t\t\t\t\t<\/div>\n\t\t<\/section>\n\t\t\t\t<section class=\"elementor-section elementor-top-section elementor-element elementor-element-28489aff elementor-section-boxed elementor-section-height-default elementor-section-height-default\" data-id=\"28489aff\" data-element_type=\"section\" data-e-type=\"section\">\n\t\t\t\t\t\t<div class=\"elementor-container elementor-column-gap-default\">\n\t\t\t\t\t<div class=\"elementor-column elementor-col-100 elementor-top-column elementor-element elementor-element-37e18978\" data-id=\"37e18978\" data-element_type=\"column\" data-e-type=\"column\">\n\t\t\t<div class=\"elementor-widget-wrap elementor-element-populated\">\n\t\t\t\t\t\t<div class=\"elementor-element elementor-element-eded071 elementor-widget elementor-widget-text-editor\" data-id=\"eded071\" data-element_type=\"widget\" data-e-type=\"widget\" data-widget_type=\"text-editor.default\">\n\t\t\t\t<div class=\"elementor-widget-container\">\n\t\t\t\t\t\t\t\t\t<h2><strong>\u00dcbungen (okeiko)<\/strong><\/h2>\n<p><strong>Wien<\/strong><\/p>\n<p><strong>\u00dcbungszeiten:<\/strong> werden den Vereinsmitgliedern jeden Monat per Mail bekanntgegeben<\/p>\n<p><span class=\"xr_tl xr_s16\"><span class=\"xr_s27\"><strong>Adresse:<\/strong> <\/span><\/span><span class=\"xr_tl xr_s16\">1040, Karolinengasse 7\/4<\/span><\/p>\n<p><span class=\"xr_tl xr_s30\"><span class=\"xr_s27\"><strong>Kontakt:<\/strong> <\/span><\/span><span class=\"xr_tl xr_s30\"><span class=\"xr_s33\"><a href=\"mailto:takamatt@urasenke-austria.at\">takamatt@urasenke-austria.at<\/a><\/span><span class=\"xr_s31\">\u00a0(\u65e5\u672c\u8a9e, English)<\/span><\/span><span class=\"xr_tl xr_s32\"><span class=\"xr_s31\">\u00a0\u00a0<\/span><\/span><\/p>\n<p>\u00a0<\/p>\n<p><strong>Linz<\/strong><\/p>\n<p><span class=\"xr_tl xr_s26\"><span class=\"xr_s34\"><strong>\u00dcbungszeiten:<\/strong> <\/span><\/span><span class=\"xr_tl xr_s26\"><span class=\"xr_s4\">nach Vereinbarung!<\/span><\/span><\/p>\n<p><span class=\"xr_tl xr_s4\"><span class=\"xr_s34\"><strong>Adresse:<\/strong> Z<\/span><\/span><span class=\"xr_tl xr_s4\"><span class=\"xr_s19\">ENDO<\/span>, Honauerstra\u00dfe 20<\/span><\/p>\n<p><span class=\"xr_tl xr_s4\"><span class=\"xr_s34\"><strong>Kontakt:<\/strong> <\/span><\/span><span class=\"xr_tl xr_s4\"><a href=\"mailto:gernot.polland@aon.at\">gernot.polland@aon.at<\/a><\/span><\/p>\t\t\t\t\t\t\t\t<\/div>\n\t\t\t\t<\/div>\n\t\t\t\t\t<\/div>\n\t\t<\/div>\n\t\t\t\t\t<\/div>\n\t\t<\/section>\n\t\t\t\t<section class=\"elementor-section elementor-top-section elementor-element elementor-element-3779050a elementor-section-boxed elementor-section-height-default elementor-section-height-default\" data-id=\"3779050a\" data-element_type=\"section\" data-e-type=\"section\">\n\t\t\t\t\t\t<div class=\"elementor-container elementor-column-gap-default\">\n\t\t\t\t\t<div class=\"elementor-column elementor-col-50 elementor-top-column elementor-element elementor-element-480c25be\" data-id=\"480c25be\" data-element_type=\"column\" data-e-type=\"column\">\n\t\t\t<div class=\"elementor-widget-wrap elementor-element-populated\">\n\t\t\t\t\t\t<div class=\"elementor-element elementor-element-1d247309 elementor-widget elementor-widget-text-editor\" data-id=\"1d247309\" data-element_type=\"widget\" data-e-type=\"widget\" data-widget_type=\"text-editor.default\">\n\t\t\t\t<div class=\"elementor-widget-container\">\n\t\t\t\t\t\t\t\t\t<h2><strong>Vorstandsmitglieder:<\/strong><\/h2>\n<div class=\"wp-block-columns\">\n<div class=\"wp-block-column\">\n<p>Ehrenpr\u00e4sident: <strong>Norbert BREITENAUER<\/strong><\/p>\n<p>Ehrenmitglied (Honorary Advisor):\u00a0 S.E. Botschafter<strong> Kiminori IWAMA<\/strong><\/p>\n<p><span class=\"xr_tl xr_s4\">Pr\u00e4sident:\u00a0 <\/span><span class=\"xr_tl xr_s4\"><strong><span class=\"xr_tc xr_s26\"><span class=\"xr_s4\"><span class=\"xr_s19\">Tsutomu <\/span><\/span><span class=\"xr_s19\">TAKAMATSU <\/span><\/span><\/strong><span class=\"xr_tc xr_s26\"><span class=\"xr_s4\">S<\/span><\/span><span class=\"xr_tc xr_s26\"><span class=\"xr_s4\">\u014driki<\/span><\/span><\/span><\/p>\n<p>Vizepr\u00e4sident: <strong>Gernot POLLAND<\/strong><\/p>\n<p>Vizepr\u00e4sidentin: <strong>Patricia KAO<\/strong><\/p>\n<h2><strong><span class=\"xr_tl xr_s26\"><span class=\"xr_s4\">Weitere Ehrenmitglieder:<\/span><\/span><\/strong><\/h2>\n<p><span class=\"xr_tl xr_s26\"><span class=\"xr_s4\">Ehrenpr\u00e4sident:<\/span><\/span><span class=\"xr_tl xr_s26\"><span class=\"xr_s4\">\u00a0 Prof. DDr.<\/span><span class=\"xr_s19\">\u00a0<strong>Peter SCHENDL <\/strong><\/span><span class=\"xr_s4\">S<\/span>\u014d<span class=\"xr_s4\">o (\u2020 23. J\u00e4nner 2020)<\/span><\/span><\/p>\n<p><span class=\"xr_tl xr_s26\"><span class=\"xr_s4\">Ehrenmitglieder (Honorary Advisor): <\/span><\/span><\/p>\n<p>S.E. Botschafter<strong> Kiminori IWAMA<\/strong><\/p>\n<p>S.E. Botschafter<strong> Ry\u016bta MIZUUCHI<\/strong><\/p>\n<p><span class=\"xr_tl xr_s26\"><span class=\"xr_s4\">S.E. Botschafter <strong>Kiyoshi KOINUMA <\/strong><\/span><\/span><\/p>\n<p><span class=\"xr_tl xr_s26\"><span class=\"xr_s4\">S.E. Botschafter <strong>Akira<\/strong> <strong>MIZUTANI<\/strong><\/span><\/span>\u00a0<\/p>\n<\/div>\n<\/div>\t\t\t\t\t\t\t\t<\/div>\n\t\t\t\t<\/div>\n\t\t\t\t\t<\/div>\n\t\t<\/div>\n\t\t\t\t<div class=\"elementor-column elementor-col-50 elementor-top-column elementor-element elementor-element-7def050b\" data-id=\"7def050b\" data-element_type=\"column\" data-e-type=\"column\">\n\t\t\t<div class=\"elementor-widget-wrap elementor-element-populated\">\n\t\t\t\t\t\t<div class=\"elementor-element elementor-element-79e5032b elementor-widget elementor-widget-image\" data-id=\"79e5032b\" data-element_type=\"widget\" data-e-type=\"widget\" data-widget_type=\"image.default\">\n\t\t\t\t<div class=\"elementor-widget-container\">\n\t\t\t\t\t\t\t\t\t\t\t\t\t\t\t<img fetchpriority=\"high\" decoding=\"async\" width=\"480\" height=\"640\" src=\"http:\/\/urasenke-austria.at\/wp-content\/uploads\/2025\/06\/IMG_5141.jpeg\" class=\"attachment-large size-large wp-image-1513\" alt=\"\" srcset=\"http:\/\/urasenke-austria.at\/wp-content\/uploads\/2025\/06\/IMG_5141.jpeg 480w, http:\/\/urasenke-austria.at\/wp-content\/uploads\/2025\/06\/IMG_5141-225x300.jpeg 225w\" sizes=\"100vw\" \/>\t\t\t\t\t\t\t\t\t\t\t\t\t\t\t<\/div>\n\t\t\t\t<\/div>\n\t\t\t\t\t<\/div>\n\t\t<\/div>\n\t\t\t\t\t<\/div>\n\t\t<\/section>\n\t\t<div class=\"elementor-element elementor-element-c3de6f9 e-flex e-con-boxed e-con e-parent\" data-id=\"c3de6f9\" data-element_type=\"container\" data-e-type=\"container\">\n\t\t\t\t\t<div class=\"e-con-inner\">\n\t\t\t\t<div class=\"elementor-element elementor-element-4bf8d9a elementor-widget elementor-widget-text-editor\" data-id=\"4bf8d9a\" data-element_type=\"widget\" data-e-type=\"widget\" data-widget_type=\"text-editor.default\">\n\t\t\t\t<div class=\"elementor-widget-container\">\n\t\t\t\t\t\t\t\t\t<h2 style=\"text-align: center;\"><strong>Folgt uns auf Social Media:<\/strong><\/h2>\t\t\t\t\t\t\t\t<\/div>\n\t\t\t\t<\/div>\n\t\t\t\t\t<\/div>\n\t\t\t\t<\/div>\n\t\t<div class=\"elementor-element elementor-element-2fedaed e-flex e-con-boxed e-con e-parent\" data-id=\"2fedaed\" data-element_type=\"container\" data-e-type=\"container\">\n\t\t\t\t\t<div class=\"e-con-inner\">\n\t\t\t\t<div class=\"elementor-element elementor-element-ac0b034 elementor-shape-rounded elementor-grid-0 e-grid-align-center elementor-widget elementor-widget-social-icons\" data-id=\"ac0b034\" data-element_type=\"widget\" data-e-type=\"widget\" data-widget_type=\"social-icons.default\">\n\t\t\t\t<div class=\"elementor-widget-container\">\n\t\t\t\t\t\t\t<div class=\"elementor-social-icons-wrapper elementor-grid\" role=\"list\">\n\t\t\t\t\t\t\t<span class=\"elementor-grid-item\" role=\"listitem\">\n\t\t\t\t\t<a class=\"elementor-icon elementor-social-icon elementor-social-icon-instagram elementor-repeater-item-d61059e\" href=\"https:\/\/www.instagram.com\/urasenkeaustria\" target=\"_blank\">\n\t\t\t\t\t\t<span class=\"elementor-screen-only\">Instagram<\/span>\n\t\t\t\t\t\t<svg aria-hidden=\"true\" class=\"e-font-icon-svg e-fab-instagram\" viewBox=\"0 0 448 512\" xmlns=\"http:\/\/www.w3.org\/2000\/svg\"><path d=\"M224.1 141c-63.6 0-114.9 51.3-114.9 114.9s51.3 114.9 114.9 114.9S339 319.5 339 255.9 287.7 141 224.1 141zm0 189.6c-41.1 0-74.7-33.5-74.7-74.7s33.5-74.7 74.7-74.7 74.7 33.5 74.7 74.7-33.6 74.7-74.7 74.7zm146.4-194.3c0 14.9-12 26.8-26.8 26.8-14.9 0-26.8-12-26.8-26.8s12-26.8 26.8-26.8 26.8 12 26.8 26.8zm76.1 27.2c-1.7-35.9-9.9-67.7-36.2-93.9-26.2-26.2-58-34.4-93.9-36.2-37-2.1-147.9-2.1-184.9 0-35.8 1.7-67.6 9.9-93.9 36.1s-34.4 58-36.2 93.9c-2.1 37-2.1 147.9 0 184.9 1.7 35.9 9.9 67.7 36.2 93.9s58 34.4 93.9 36.2c37 2.1 147.9 2.1 184.9 0 35.9-1.7 67.7-9.9 93.9-36.2 26.2-26.2 34.4-58 36.2-93.9 2.1-37 2.1-147.8 0-184.8zM398.8 388c-7.8 19.6-22.9 34.7-42.6 42.6-29.5 11.7-99.5 9-132.1 9s-102.7 2.6-132.1-9c-19.6-7.8-34.7-22.9-42.6-42.6-11.7-29.5-9-99.5-9-132.1s-2.6-102.7 9-132.1c7.8-19.6 22.9-34.7 42.6-42.6 29.5-11.7 99.5-9 132.1-9s102.7-2.6 132.1 9c19.6 7.8 34.7 22.9 42.6 42.6 11.7 29.5 9 99.5 9 132.1s2.7 102.7-9 132.1z\"><\/path><\/svg>\t\t\t\t\t<\/a>\n\t\t\t\t<\/span>\n\t\t\t\t\t\t\t<span class=\"elementor-grid-item\" role=\"listitem\">\n\t\t\t\t\t<a class=\"elementor-icon elementor-social-icon elementor-social-icon-facebook elementor-repeater-item-09936be\" href=\"https:\/\/www.facebook.com\/Urasenke.Austria\/\" target=\"_blank\">\n\t\t\t\t\t\t<span class=\"elementor-screen-only\">Facebook<\/span>\n\t\t\t\t\t\t<svg aria-hidden=\"true\" class=\"e-font-icon-svg e-fab-facebook\" viewBox=\"0 0 512 512\" xmlns=\"http:\/\/www.w3.org\/2000\/svg\"><path d=\"M504 256C504 119 393 8 256 8S8 119 8 256c0 123.78 90.69 226.38 209.25 245V327.69h-63V256h63v-54.64c0-62.15 37-96.48 93.67-96.48 27.14 0 55.52 4.84 55.52 4.84v61h-31.28c-30.8 0-40.41 19.12-40.41 38.73V256h68.78l-11 71.69h-57.78V501C413.31 482.38 504 379.78 504 256z\"><\/path><\/svg>\t\t\t\t\t<\/a>\n\t\t\t\t<\/span>\n\t\t\t\t\t<\/div>\n\t\t\t\t\t\t<\/div>\n\t\t\t\t<\/div>\n\t\t\t\t\t<\/div>\n\t\t\t\t<\/div>\n\t\t\t\t<\/div>\n\t\t","protected":false},"excerpt":{"rendered":"<p>Der Verein Chad\u014d Urasenke Tankokai Austria Association (UTA) wurde im Jahr 2008 von Michiko Nojiri S\u014dmei Sensei und MR. Prof. DDr. Peter Schendl S\u014do (Gr\u00fcndungspr\u00e4sident) gegr\u00fcndet. Wir sind die offiziell anerkannte \u00f6sterreichische Vertretung der Urasenke Teeschule und \u00fcben den Teeweg unter Anleitung von Tsutomu Takamatsu S\u014driki Sensei in Wien sowie im Rahmen unserer \u00dcbungsgruppe in &hellip; <\/p>\n<p class=\"link-more\"><a href=\"http:\/\/urasenke-austria.at\/?page_id=1512\" class=\"more-link\"><span class=\"screen-reader-text\">\u201e\u00dcber uns\u201c <\/span>weiterlesen<\/a><\/p>\n","protected":false},"author":6,"featured_media":0,"parent":0,"menu_order":0,"comment_status":"closed","ping_status":"closed","template":"","meta":{"footnotes":""},"class_list":["post-1512","page","type-page","status-publish","hentry"],"_links":{"self":[{"href":"http:\/\/urasenke-austria.at\/index.php?rest_route=\/wp\/v2\/pages\/1512","targetHints":{"allow":["GET"]}}],"collection":[{"href":"http:\/\/urasenke-austria.at\/index.php?rest_route=\/wp\/v2\/pages"}],"about":[{"href":"http:\/\/urasenke-austria.at\/index.php?rest_route=\/wp\/v2\/types\/page"}],"author":[{"embeddable":true,"href":"http:\/\/urasenke-austria.at\/index.php?rest_route=\/wp\/v2\/users\/6"}],"replies":[{"embeddable":true,"href":"http:\/\/urasenke-austria.at\/index.php?rest_route=%2Fwp%2Fv2%2Fcomments&post=1512"}],"version-history":[{"count":22,"href":"http:\/\/urasenke-austria.at\/index.php?rest_route=\/wp\/v2\/pages\/1512\/revisions"}],"predecessor-version":[{"id":1780,"href":"http:\/\/urasenke-austria.at\/index.php?rest_route=\/wp\/v2\/pages\/1512\/revisions\/1780"}],"wp:attachment":[{"href":"http:\/\/urasenke-austria.at\/index.php?rest_route=%2Fwp%2Fv2%2Fmedia&parent=1512"}],"curies":[{"name":"wp","href":"https:\/\/api.w.org\/{rel}","templated":true}]}}