{"id":1516,"date":"2025-06-09T17:57:12","date_gmt":"2025-06-09T15:57:12","guid":{"rendered":"http:\/\/urasenke-austria.at\/?page_id=1516"},"modified":"2025-06-09T17:58:09","modified_gmt":"2025-06-09T15:58:09","slug":"was-ist-chado","status":"publish","type":"page","link":"http:\/\/urasenke-austria.at\/?page_id=1516","title":{"rendered":"Was ist chad\u014d?"},"content":{"rendered":"\t\t<div data-elementor-type=\"wp-page\" data-elementor-id=\"1516\" class=\"elementor elementor-1516\">\n\t\t\t\t\t\t<section class=\"elementor-section elementor-top-section elementor-element elementor-element-7dc96d42 elementor-section-boxed elementor-section-height-default elementor-section-height-default\" data-id=\"7dc96d42\" data-element_type=\"section\" data-e-type=\"section\">\n\t\t\t\t\t\t<div class=\"elementor-container elementor-column-gap-default\">\n\t\t\t\t\t<div class=\"elementor-column elementor-col-100 elementor-top-column elementor-element elementor-element-1e5c239e\" data-id=\"1e5c239e\" data-element_type=\"column\" data-e-type=\"column\">\n\t\t\t<div class=\"elementor-widget-wrap elementor-element-populated\">\n\t\t\t\t\t\t<div class=\"elementor-element elementor-element-1533af38 elementor-widget__width-initial elementor-widget elementor-widget-text-editor\" data-id=\"1533af38\" data-element_type=\"widget\" data-e-type=\"widget\" data-widget_type=\"text-editor.default\">\n\t\t\t\t<div class=\"elementor-widget-container\">\n\t\t\t\t\t\t\t\t\t\n<p><strong>Historischer Hintergrund zum japanischen Teeweg (chad\u014d)<\/strong><\/p>\n\n<p>Der buddhistische Abt Eisai ging im 13. Jh. nach China, um dort Zen zu studieren. In den Kl\u00f6stern Chinas lernte er die Verwendung von pulverisiertem Gr\u00fcntee kennen und brachte Teesamen (camellia sinensis) mit nach Japan und propagierte dort den Anbau und die Verarbeitung des Tees. Die Teezubereitung wurde zu einer Kunstform hochstilisiert, die ein langj\u00e4hriges Studium erforderte und den Adeligen und dem hohen Priesterstand vorbehalten blieb. Als die Kriegerkaste (samurai) an die Macht gelangte, wurde der Teeweg von ihnen sofort angenommen und sogar zu einem Teil der Politik gemacht. Anfang des 16. Jahrhunderts \u00fcbten sich immer mehr B\u00fcrgerliche in dieser Kunst. Die ersten dieser Teemeister waren Kaufleute, die auch im Zen geschult waren.<\/p>\n\n<p><strong>Die Urasenke Teeschule nach Sen no Riky\u016b<\/strong><\/p>\n\n<p>Die Urasenke Teeschule ist die gr\u00f6\u00dfte der drei japanischen Teeschulen, die auf den ber\u00fchmten Teemeister Sen no Riky\u016b (1522 &#8211; 1591) zur\u00fcckgehen. Im Gegensatz zum damaligen, luxuri\u00f6sen Stil des Schwertadels (daimy\u014d-Tee), praktizierte er den schlichten, im Zen-Buddhismus verwurzelten Teeweg. Nicht luxuri\u00f6se Teeger\u00e4tschaften und auf Rang und Stand ausgerichtete Zeremonien, sondern Spiritualit\u00e4t, Empathie und die \u00c4sthetik des Einfachen (<em>wabi<\/em>) waren Riky\u016bs Zugang. Bis zum heutigen Tag stehen die Teelehrer und -sch\u00fcler der Urasenke-Schule in dieser Tradition, aktuell unter Zab\u014dsai S\u014dshitsu, Iemoto (Gro\u00dfmeister) der 16. Generation.<\/p>\n\n<p>Ikebana, Shod\u014d (Kalligrafie), Sumi-e (Tuschmalerei), Keramik und viele andere japanische K\u00fcnste stehen in engem Bezug zum Teeweg.<\/p>\n\n<p>\u00a0<\/p>\n\n<figure class=\"wp-block-image size-large\"><img decoding=\"async\" class=\"wp-image-99\" src=\"http:\/\/urasenke-austria.at\/wp-content\/uploads\/2025\/02\/Enbu_Setagaya-104-Kopie-1024x682.jpg\" alt=\"\" \/><\/figure>\n\t\t\t\t\t\t\t\t<\/div>\n\t\t\t\t<\/div>\n\t\t\t\t\t<\/div>\n\t\t<\/div>\n\t\t\t\t\t<\/div>\n\t\t<\/section>\n\t\t\t\t<\/div>\n\t\t","protected":false},"excerpt":{"rendered":"<p>Historischer Hintergrund zum japanischen Teeweg (chad\u014d) Der buddhistische Abt Eisai ging im 13. Jh. nach China, um dort Zen zu studieren. In den Kl\u00f6stern Chinas lernte er die Verwendung von pulverisiertem Gr\u00fcntee kennen und brachte Teesamen (camellia sinensis) mit nach Japan und propagierte dort den Anbau und die Verarbeitung des Tees. Die Teezubereitung wurde zu &hellip; <\/p>\n<p class=\"link-more\"><a href=\"http:\/\/urasenke-austria.at\/?page_id=1516\" class=\"more-link\"><span class=\"screen-reader-text\">\u201eWas ist chad\u014d?\u201c <\/span>weiterlesen<\/a><\/p>\n","protected":false},"author":6,"featured_media":0,"parent":0,"menu_order":0,"comment_status":"closed","ping_status":"closed","template":"","meta":{"footnotes":""},"class_list":["post-1516","page","type-page","status-publish","hentry"],"_links":{"self":[{"href":"http:\/\/urasenke-austria.at\/index.php?rest_route=\/wp\/v2\/pages\/1516","targetHints":{"allow":["GET"]}}],"collection":[{"href":"http:\/\/urasenke-austria.at\/index.php?rest_route=\/wp\/v2\/pages"}],"about":[{"href":"http:\/\/urasenke-austria.at\/index.php?rest_route=\/wp\/v2\/types\/page"}],"author":[{"embeddable":true,"href":"http:\/\/urasenke-austria.at\/index.php?rest_route=\/wp\/v2\/users\/6"}],"replies":[{"embeddable":true,"href":"http:\/\/urasenke-austria.at\/index.php?rest_route=%2Fwp%2Fv2%2Fcomments&post=1516"}],"version-history":[{"count":4,"href":"http:\/\/urasenke-austria.at\/index.php?rest_route=\/wp\/v2\/pages\/1516\/revisions"}],"predecessor-version":[{"id":1594,"href":"http:\/\/urasenke-austria.at\/index.php?rest_route=\/wp\/v2\/pages\/1516\/revisions\/1594"}],"wp:attachment":[{"href":"http:\/\/urasenke-austria.at\/index.php?rest_route=%2Fwp%2Fv2%2Fmedia&parent=1516"}],"curies":[{"name":"wp","href":"https:\/\/api.w.org\/{rel}","templated":true}]}}